{"id":22,"date":"2024-09-21T10:01:16","date_gmt":"2024-09-21T08:01:16","guid":{"rendered":"https:\/\/heilbronn-monteurzimmer.de\/?page_id=22"},"modified":"2025-06-05T09:09:06","modified_gmt":"2025-06-05T07:09:06","slug":"impressum","status":"publish","type":"page","link":"https:\/\/heilbronn-monteurzimmer.de\/?page_id=22","title":{"rendered":"Impressum"},"content":{"rendered":"<p>Ferienwohnungen und Monteurzimmer Domke<br \/>\nBei der Lohm\u00fchle 25<br \/>\n74182 Obersulm &#8211; Affaltrach<\/p>\n<p>Tel.: 0152 53608639<\/p>\n<p>Fax: 07130 5081622<\/p>\n<p>Link:\u00a0<a style=\"color: #799fbd;\" href=\"http:\/\/www.ferienwohnung-heilbronn.de\/\" target=\"blank\" rel=\"nofollow noopener\">http:\/\/heilbronn-monteurzimmer.de<\/a><\/p>\n<p>E-Mail:\u00a0<a style=\"color: #799fbd;\" href=\"mailto:mail@hedomke.de\">mail@hedomke.de<\/a><\/p>\n<p>&nbsp;<\/p>\n<p style=\"margin: 0px 0px 14.9px; font-size: 18px; font-family: Times;\"><b>Urheberrecht<\/b><\/p>\n<p style=\"margin: 0px 0px 12px; font-family: Times;\">Falls nicht anders angegeben, unterliegen alle Seiten dieses Webangebots dem Urheberrecht (Copyright). Dies gilt insbesondere f\u00fcr Texte, Bilder, Grafiken und Style-Dateien, einschlie\u00dflich deren Anordnung auf den Webseiten.<\/p>\n<p style=\"margin: 0px 0px 12px; font-family: Times;\">Eine Vervielf\u00e4ltigung oder Verwendung von Webseiten (oder von Teilen daraus) in anderen elektronischen oder gedruckten Publikationen und deren Ver\u00f6ffentlichung (auch im Internet) ist nur nach vorheriger Genehmigung gestattet.<\/p>\n<p style=\"margin: 0px 0px 12px; font-family: Times;\">Weiterhin k\u00f6nnen Bilder, Grafiken, Text- oder sonstige Dateien ganz oder teilweise dem Urheberrecht Dritter unterliegen.<\/p>\n<p style=\"margin: 0px 0px 12px; font-family: Times;\">Alle innerhalb des Internetangebots genannten und ggf. durch Dritte gesch\u00fctzten Marken- und Warenzeichen unterliegen uneingeschr\u00e4nkt den Bestimmungen des jeweils g\u00fcltigen Kennzeichenrechts und den Besitzrechten der jeweiligen eingetragenen Eigent\u00fcmer. Allein aufgrund der blo\u00dfen Nennung in unserem Internetangebot ist nicht der Schluss zu ziehen, dass Markenzeichen nicht durch Rechte Dritter gesch\u00fctzt sind.<\/p>\n<p style=\"margin: 0px 0px 14.9px; font-size: 18px; font-family: Times;\"><b>Haftungsausschluss<\/b><\/p>\n<p style=\"margin: 0px 0px 12px; font-family: Times;\">Der Autor hat alle in seinem Bereich bereitgestellten Informationen nach bestem Wissen und Gewissen erarbeitet und gepr\u00fcft. Jedoch \u00fcbernimmt der Autor keinerlei Gew\u00e4hr f\u00fcr die Aktualit\u00e4t, Korrektheit, Vollst\u00e4ndigkeit oder Qualit\u00e4t der bereitgestellten Informationen. Haftungsanspr\u00fcche gegen den Autor, welche sich auf Sch\u00e4den materieller oder ideeller Art beziehen, die durch die Nutzung oder Nichtnutzung der dargebotenen Informationen bzw. durch die Nutzung fehlerhafter und unvollst\u00e4ndiger Informationen verursacht wurden, sind grunds\u00e4tzlich ausgeschlossen, sofern seitens des Autors kein nachweislich vors\u00e4tzliches oder grob fahrl\u00e4ssiges Verschulden vorliegt.<\/p>\n<p style=\"margin: 0px 0px 12px; font-family: Times;\">Alle Angebote sind freibleibend und unverbindlich. Der Autor beh\u00e4lt es sich ausdr\u00fccklich vor, Teile der Seiten oder das gesamte Angebot ohne gesonderte Ank\u00fcndigung zu ver\u00e4ndern, zu erg\u00e4nzen, zu l\u00f6schen oder die Ver\u00f6ffentlichung zeitweise oder endg\u00fcltig einzustellen.<\/p>\n<p style=\"margin: 0px 0px 14.9px; font-size: 18px; font-family: Times;\"><b>Verweise und Links (Disclaimer)<\/b><\/p>\n<p style=\"margin: 0px 0px 12px; font-family: Times;\">Bei direkten oder indirekten Verweisen auf fremde Webseiten (&#8222;Hyperlinks&#8220;), die au\u00dferhalb des Verantwortungsbereiches des Autors liegen, w\u00fcrde eine Haftungsverpflichtung ausschlie\u00dflich in dem Fall in Kraft treten, in dem der Autor von den Inhalten Kenntnis hat und es ihm technisch m\u00f6glich und zumutbar w\u00e4re, die Nutzung im Falle rechtswidriger Inhalte zu verhindern.<\/p>\n<p style=\"margin: 0px 0px 12px; font-family: Times;\">Der Autor erkl\u00e4rt hiermit ausdr\u00fccklich, dass zum Zeitpunkt der Linksetzung keine illegalen Inhalte auf den zu verlinkenden Seiten erkennbar waren. Auf die aktuelle und zuk\u00fcnftige Gestaltung, die Inhalte oder die Urheberschaft der gelinkten\/verkn\u00fcpften Seiten hat der Autor keinerlei Einfluss. Deshalb distanziert er sich hiermit ausdr\u00fccklich von allen Inhalten aller gelinkten\/verkn\u00fcpften Seiten, die nach der Linksetzung ver\u00e4ndert wurden. Diese Feststellung gilt f\u00fcr alle innerhalb des eigenen Internetangebotes gesetzten Links und Verweise sowie f\u00fcr Fremdeintr\u00e4ge in vom Autor eingerichteten G\u00e4steb\u00fcchern, Diskussionsforen und Mailinglisten. F\u00fcr illegale, fehlerhafte oder unvollst\u00e4ndige Inhalte und insbesondere f\u00fcr Sch\u00e4den, die aus der Nutzung oder Nichtnutzung solcherart dargebotener Informationen entstehen, haftet allein der Anbieter der Seite, auf welche verwiesen wurde, nicht derjenige, der \u00fcber Links auf die jeweilige Ver\u00f6ffentlichung lediglich verweist.<\/p>\n<p style=\"margin: 0px 0px 14.9px; font-size: 18px; font-family: Times;\"><b>Datenschutz<\/b><\/p>\n<p style=\"margin: 0px 0px 12px; font-family: Times;\">Sofern innerhalb des Internetangebotes die M\u00f6glichkeit zur Eingabe pers\u00f6nlicher oder gesch\u00e4ftlicher Daten (Emailadressen, Namen, Anschriften) besteht, so erfolgt die Preisgabe dieser Daten seitens des Nutzers auf ausdr\u00fccklich freiwilliger Basis. Die Inanspruchnahme und Bezahlung aller angebotenen Dienste ist &#8211; soweit technisch m\u00f6glich und zumutbar &#8211; auch ohne Angabe solcher Daten bzw. unter Angabe anonymisierter Daten oder eines Pseudonyms gestattet. Die Nutzung der im Rahmen des Impressums oder vergleichbarer Angaben ver\u00f6ffentlichten Kontaktdaten wie Postanschriften, Telefon- und Faxnummern sowie Emailadressen durch Dritte zur \u00dcbersendung von nicht ausdr\u00fccklich angeforderten Informationen ist nicht gestattet. Rechtliche Schritte gegen die Versender von sogenannten Spam-Mails bei Verst\u00f6\u00dfen gegen dieses Verbot sind ausdr\u00fccklich vorbehalten.<\/p>\n","protected":false},"excerpt":{"rendered":"<p>Ferienwohnungen und Monteurzimmer Domke Bei der Lohm\u00fchle 25 74182 Obersulm &#8211; Affaltrach Tel.: 0152 53608639 Fax: 07130 5081622 Link:\u00a0http:\/\/heilbronn-monteurzimmer.de E-Mail:\u00a0mail@hedomke.de &nbsp; Urheberrecht Falls nicht anders angegeben, unterliegen alle Seiten dieses Webangebots dem Urheberrecht (Copyright). Dies&hellip; <a href=\"https:\/\/heilbronn-monteurzimmer.de\/?page_id=22\">Mehr<\/a><\/p>\n","protected":false},"author":1,"featured_media":0,"parent":0,"menu_order":0,"comment_status":"closed","ping_status":"closed","template":"","meta":{"om_disable_all_campaigns":false,"_monsterinsights_skip_tracking":false,"_monsterinsights_sitenote_active":false,"_monsterinsights_sitenote_note":"","_monsterinsights_sitenote_category":0,"footnotes":""},"class_list":["post-22","page","type-page","status-publish","hentry"],"aioseo_notices":[],"_links":{"self":[{"href":"https:\/\/heilbronn-monteurzimmer.de\/index.php?rest_route=\/wp\/v2\/pages\/22","targetHints":{"allow":["GET"]}}],"collection":[{"href":"https:\/\/heilbronn-monteurzimmer.de\/index.php?rest_route=\/wp\/v2\/pages"}],"about":[{"href":"https:\/\/heilbronn-monteurzimmer.de\/index.php?rest_route=\/wp\/v2\/types\/page"}],"author":[{"embeddable":true,"href":"https:\/\/heilbronn-monteurzimmer.de\/index.php?rest_route=\/wp\/v2\/users\/1"}],"replies":[{"embeddable":true,"href":"https:\/\/heilbronn-monteurzimmer.de\/index.php?rest_route=%2Fwp%2Fv2%2Fcomments&post=22"}],"version-history":[{"count":3,"href":"https:\/\/heilbronn-monteurzimmer.de\/index.php?rest_route=\/wp\/v2\/pages\/22\/revisions"}],"predecessor-version":[{"id":90,"href":"https:\/\/heilbronn-monteurzimmer.de\/index.php?rest_route=\/wp\/v2\/pages\/22\/revisions\/90"}],"wp:attachment":[{"href":"https:\/\/heilbronn-monteurzimmer.de\/index.php?rest_route=%2Fwp%2Fv2%2Fmedia&parent=22"}],"curies":[{"name":"wp","href":"https:\/\/api.w.org\/{rel}","templated":true}]}}