{"id":10,"date":"2024-09-21T09:57:28","date_gmt":"2024-09-21T07:57:28","guid":{"rendered":"https:\/\/heilbronn-monteurzimmer.de\/?page_id=10"},"modified":"2024-10-09T16:06:30","modified_gmt":"2024-10-09T14:06:30","slug":"ferienwohnungen-unterkuenfte-fuer-monteure-bei-heilbronn","status":"publish","type":"page","link":"https:\/\/heilbronn-monteurzimmer.de\/","title":{"rendered":"Ferienwohnungen &amp; Unterk\u00fcnfte f\u00fcr Monteure bei Heilbronn"},"content":{"rendered":"<div class=\"wp-block-image\">\n<figure class=\"alignleft size-full\"><img loading=\"lazy\" decoding=\"async\" width=\"300\" height=\"204\" src=\"https:\/\/heilbronn-monteurzimmer.de\/wp-content\/uploads\/2024\/09\/logo.png\" alt=\"\" class=\"wp-image-31\"\/><\/figure>\n<\/div>\n\n\n<p>Wenn Sie eine Ferienwohnung oder Unterkunft f\u00fcr Monteure in oder bei Heilbronn suchen, sind Sie bei Domke\u00b4s richtig! Unsere Ferienwohnungen bieten Schlafm\u00f6glichkeiten f\u00fcr 1 bzw. 2 Personen, sind modern eingerichtet und befinden sich in ruhiger Lage. Wanderm\u00f6glichkeiten in den Weinbergen sowie&nbsp; Ausflugsziele und Seen befinden sich in naher Umgebung von Heilbronn und dem Weinsberger Tal und dienen zur Erholung. Entfernung nach Heilbronn und Neckarsulm ca. 13 km. Der Breitenauer See l\u00e4dt zum baden und Erholung ein, befindet sich 2 km entfernt. Unsere Gastwirte und Weinbauer mit ihren besonderen Angeboten freuen sich auf ihren Besuch. Mehrere Discounter(Netto, ReWe, Lidl) befinden sich in der N\u00e4he.<\/p>\n\n\n\n<h3 class=\"wp-block-heading\">Warum Ferienwohnungen bei Familie Domke?<\/h3>\n\n\n\n<p>Unsere Ferienwohnungen sind extra f\u00fcr die Bed\u00fcrfnisse der Urlauber und Monteure eingerichtet, die in Heilbronn beispielsweise f\u00fcr Audi und Kaufland arbeiten. Viele arbeiten auch auf Baustellen oder auch f\u00fcr Firmen und kleinere Unternehmen in unserem Landkreis und dar\u00fcber hinaus. Unsere Ferienwohnungen k\u00f6nnen aber selbstverst\u00e4ndlich auch als Urlaubsunterkunft gebucht werden.<\/p>\n\n\n\n<p>Bitte schicken Sie uns direkt eine Nachricht bei Interesse an einer Ferienwohnung oder Unterkunft. Nutzen Sie dazu gerne unser <a href=\"http:\/\/localhost\/Monteurzimmer\/beispiel-seite\">Kontaktformular<\/a> oder rufen Sie an: 01525 3608639<\/p>\n","protected":false},"excerpt":{"rendered":"<p>Wenn Sie eine Ferienwohnung oder Unterkunft f\u00fcr Monteure in oder bei Heilbronn suchen, sind Sie bei Domke\u00b4s richtig! Unsere Ferienwohnungen bieten Schlafm\u00f6glichkeiten f\u00fcr 1 bzw. 2 Personen, sind modern eingerichtet und befinden sich in ruhiger&hellip; <a href=\"https:\/\/heilbronn-monteurzimmer.de\/\">Mehr<\/a><\/p>\n","protected":false},"author":1,"featured_media":31,"parent":0,"menu_order":0,"comment_status":"closed","ping_status":"closed","template":"","meta":{"om_disable_all_campaigns":false,"_monsterinsights_skip_tracking":false,"_monsterinsights_sitenote_active":false,"_monsterinsights_sitenote_note":"","_monsterinsights_sitenote_category":0,"footnotes":""},"class_list":["post-10","page","type-page","status-publish","has-post-thumbnail","hentry"],"aioseo_notices":[],"_links":{"self":[{"href":"https:\/\/heilbronn-monteurzimmer.de\/index.php?rest_route=\/wp\/v2\/pages\/10","targetHints":{"allow":["GET"]}}],"collection":[{"href":"https:\/\/heilbronn-monteurzimmer.de\/index.php?rest_route=\/wp\/v2\/pages"}],"about":[{"href":"https:\/\/heilbronn-monteurzimmer.de\/index.php?rest_route=\/wp\/v2\/types\/page"}],"author":[{"embeddable":true,"href":"https:\/\/heilbronn-monteurzimmer.de\/index.php?rest_route=\/wp\/v2\/users\/1"}],"replies":[{"embeddable":true,"href":"https:\/\/heilbronn-monteurzimmer.de\/index.php?rest_route=%2Fwp%2Fv2%2Fcomments&post=10"}],"version-history":[{"count":10,"href":"https:\/\/heilbronn-monteurzimmer.de\/index.php?rest_route=\/wp\/v2\/pages\/10\/revisions"}],"predecessor-version":[{"id":88,"href":"https:\/\/heilbronn-monteurzimmer.de\/index.php?rest_route=\/wp\/v2\/pages\/10\/revisions\/88"}],"wp:featuredmedia":[{"embeddable":true,"href":"https:\/\/heilbronn-monteurzimmer.de\/index.php?rest_route=\/wp\/v2\/media\/31"}],"wp:attachment":[{"href":"https:\/\/heilbronn-monteurzimmer.de\/index.php?rest_route=%2Fwp%2Fv2%2Fmedia&parent=10"}],"curies":[{"name":"wp","href":"https:\/\/api.w.org\/{rel}","templated":true}]}}